{"id":988090,"date":"2023-10-25T17:57:59","date_gmt":"2023-10-25T17:57:59","guid":{"rendered":"https:\/\/new.rubycafemtl.com\/?page_id=988090"},"modified":"2025-12-24T16:06:29","modified_gmt":"2025-12-24T16:06:29","slug":"dessert-plates","status":"publish","type":"page","link":"https:\/\/new.rubycafemtl.com\/fr\/menu\/dessert-plates\/","title":{"rendered":"Assiettes \u00e0 dessert"},"content":{"rendered":"<div data-elementor-type=\"wp-page\" data-elementor-id=\"988090\" class=\"elementor elementor-988090\" data-elementor-post-type=\"page\">\n\t\t\t\t<div class=\"elementor-element elementor-element-7aa7884 e-flex e-con-boxed e-con e-parent\" data-id=\"7aa7884\" data-element_type=\"container\">\n\t\t\t\t\t<div class=\"e-con-inner\">\n\t\t\t\t<div class=\"elementor-element elementor-element-17a9626 elementor-widget elementor-widget-heading\" data-id=\"17a9626\" data-element_type=\"widget\" data-widget_type=\"heading.default\">\n\t\t\t\t<div class=\"elementor-widget-container\">\n\t\t\t<style>\/*! elementor - v3.23.0 - 15-07-2024 *\/\n.elementor-heading-title{padding:0;margin:0;line-height:1}.elementor-widget-heading .elementor-heading-title[class*=elementor-size-]>a{color:inherit;font-size:inherit;line-height:inherit}.elementor-widget-heading .elementor-heading-title.elementor-size-small{font-size:15px}.elementor-widget-heading .elementor-heading-title.elementor-size-medium{font-size:19px}.elementor-widget-heading .elementor-heading-title.elementor-size-large{font-size:29px}.elementor-widget-heading .elementor-heading-title.elementor-size-xl{font-size:39px}.elementor-widget-heading .elementor-heading-title.elementor-size-xxl{font-size:59px}<\/style><h2 class=\"elementor-heading-title elementor-size-default\">Assiettes \u00e0 dessert<\/h2>\t\t<\/div>\n\t\t\t\t<\/div>\n\t\t\t\t\t<\/div>\n\t\t\t\t<\/div>\n\t\t<div class=\"elementor-element elementor-element-f1988d0 e-con-full e-flex e-con e-parent\" data-id=\"f1988d0\" data-element_type=\"container\">\n\t\t<div class=\"elementor-element elementor-element-92735c2 e-con-full e-flex e-con e-child\" data-id=\"92735c2\" data-element_type=\"container\">\n\t\t\t\t<div class=\"elementor-element elementor-element-d997f3b elementor-widget__width-initial elementor-vertical-align-top elementor-widget elementor-widget-image-box\" data-id=\"d997f3b\" data-element_type=\"widget\" data-widget_type=\"image-box.default\">\n\t\t\t\t<div class=\"elementor-widget-container\">\n\t\t\t<style>\/*! elementor - v3.23.0 - 15-07-2024 *\/\n.elementor-widget-image-box .elementor-image-box-content{width:100%}@media (min-width:768px){.elementor-widget-image-box.elementor-position-left .elementor-image-box-wrapper,.elementor-widget-image-box.elementor-position-right .elementor-image-box-wrapper{display:flex}.elementor-widget-image-box.elementor-position-right .elementor-image-box-wrapper{text-align:end;flex-direction:row-reverse}.elementor-widget-image-box.elementor-position-left .elementor-image-box-wrapper{text-align:start;flex-direction:row}.elementor-widget-image-box.elementor-position-top .elementor-image-box-img{margin:auto}.elementor-widget-image-box.elementor-vertical-align-top .elementor-image-box-wrapper{align-items:flex-start}.elementor-widget-image-box.elementor-vertical-align-middle .elementor-image-box-wrapper{align-items:center}.elementor-widget-image-box.elementor-vertical-align-bottom .elementor-image-box-wrapper{align-items:flex-end}}@media (max-width:767px){.elementor-widget-image-box .elementor-image-box-img{margin-left:auto!important;margin-right:auto!important;margin-bottom:15px}}.elementor-widget-image-box .elementor-image-box-img{display:inline-block}.elementor-widget-image-box .elementor-image-box-title a{color:inherit}.elementor-widget-image-box .elementor-image-box-wrapper{text-align:center}.elementor-widget-image-box .elementor-image-box-description{margin:0}<\/style><div class=\"elementor-image-box-wrapper\"><figure class=\"elementor-image-box-img\"><img fetchpriority=\"high\" width=\"500\" height=\"500\" src=\"https:\/\/new.rubycafemtl.com\/wp-content\/uploads\/2025\/12\/Baileys-crumble.png\" class=\"elementor-animation-grow attachment-full size-full wp-image-988657\" alt=\"\" srcset=\"https:\/\/new.rubycafemtl.com\/wp-content\/uploads\/2025\/12\/Baileys-crumble.png 500w, https:\/\/new.rubycafemtl.com\/wp-content\/uploads\/2025\/12\/Baileys-crumble-300x300.png 300w, https:\/\/new.rubycafemtl.com\/wp-content\/uploads\/2025\/12\/Baileys-crumble-150x150.png 150w, https:\/\/new.rubycafemtl.com\/wp-content\/uploads\/2025\/12\/Baileys-crumble-12x12.png 12w\" sizes=\"(max-width: 500px) 100vw, 500px\" \/><\/figure><div class=\"elementor-image-box-content\"><h3 class=\"elementor-image-box-title\">BAILEY\u2019S CRUMBLE PARFAIT<span style=\"color:#FFC5D0\" ;=\"\"> $20<\/span><\/h3><p class=\"elementor-image-box-description\">Yogourt \u00e0 la noix de coco, bananes au sirop d'\u00e9rable, crumble, raisins blonds, coquille de noix de coco, petits fruits, fleur de bleuet, smoothie shooter \u00e0 la mangue et au citron vert.<\/p><\/div><\/div>\t\t<\/div>\n\t\t\t\t<\/div>\n\t\t\t\t<\/div>\n\t\t<div class=\"elementor-element elementor-element-42ca68e e-con-full e-flex e-con e-child\" data-id=\"42ca68e\" data-element_type=\"container\">\n\t\t\t\t<div class=\"elementor-element elementor-element-52a88d3 elementor-widget__width-initial elementor-vertical-align-top elementor-widget elementor-widget-image-box\" data-id=\"52a88d3\" data-element_type=\"widget\" data-widget_type=\"image-box.default\">\n\t\t\t\t<div class=\"elementor-widget-container\">\n\t\t\t<div class=\"elementor-image-box-wrapper\"><figure class=\"elementor-image-box-img\"><img width=\"500\" height=\"500\" src=\"https:\/\/new.rubycafemtl.com\/wp-content\/uploads\/2025\/12\/Ruby-Pancake.png\" class=\"elementor-animation-grow attachment-full size-full wp-image-988669\" alt=\"\" srcset=\"https:\/\/new.rubycafemtl.com\/wp-content\/uploads\/2025\/12\/Ruby-Pancake.png 500w, https:\/\/new.rubycafemtl.com\/wp-content\/uploads\/2025\/12\/Ruby-Pancake-300x300.png 300w, https:\/\/new.rubycafemtl.com\/wp-content\/uploads\/2025\/12\/Ruby-Pancake-150x150.png 150w, https:\/\/new.rubycafemtl.com\/wp-content\/uploads\/2025\/12\/Ruby-Pancake-12x12.png 12w\" sizes=\"(max-width: 500px) 100vw, 500px\" \/><\/figure><div class=\"elementor-image-box-content\"><h3 class=\"elementor-image-box-title\">RUBY\u2019S PANCAKE<span style=\"color:#FFC5D0\" ;=\"\"> $22<\/span><\/h3><p class=\"elementor-image-box-description\">2 Mini-pancakes \u00e0 la ricotta et au citron vert, ananas caram\u00e9lis\u00e9 \u00e0 l'\u00e9rable, yogourt frais \u00e0 la vanille, petits fruits, croquant aux amandes et \u00e0 l'\u00e9rable, graines de pavot, sirop d'\u00e9rable<\/p><\/div><\/div>\t\t<\/div>\n\t\t\t\t<\/div>\n\t\t\t\t<\/div>\n\t\t\t\t<\/div>\n\t\t<div class=\"elementor-element elementor-element-b60c12c e-con-full e-flex e-con e-parent\" data-id=\"b60c12c\" data-element_type=\"container\">\n\t\t<div class=\"elementor-element elementor-element-dfa6600 e-con-full e-flex e-con e-child\" data-id=\"dfa6600\" data-element_type=\"container\">\n\t\t\t\t<div class=\"elementor-element elementor-element-92f8d1f elementor-widget__width-initial elementor-vertical-align-top elementor-widget elementor-widget-image-box\" data-id=\"92f8d1f\" data-element_type=\"widget\" data-widget_type=\"image-box.default\">\n\t\t\t\t<div class=\"elementor-widget-container\">\n\t\t\t<div class=\"elementor-image-box-wrapper\"><figure class=\"elementor-image-box-img\"><img width=\"500\" height=\"500\" src=\"https:\/\/new.rubycafemtl.com\/wp-content\/uploads\/2025\/12\/French-Toast-Sticks-Pan-Dore.png\" class=\"elementor-animation-grow attachment-full size-full wp-image-988661\" alt=\"\" srcset=\"https:\/\/new.rubycafemtl.com\/wp-content\/uploads\/2025\/12\/French-Toast-Sticks-Pan-Dore.png 500w, https:\/\/new.rubycafemtl.com\/wp-content\/uploads\/2025\/12\/French-Toast-Sticks-Pan-Dore-300x300.png 300w, https:\/\/new.rubycafemtl.com\/wp-content\/uploads\/2025\/12\/French-Toast-Sticks-Pan-Dore-150x150.png 150w, https:\/\/new.rubycafemtl.com\/wp-content\/uploads\/2025\/12\/French-Toast-Sticks-Pan-Dore-12x12.png 12w\" sizes=\"(max-width: 500px) 100vw, 500px\" \/><\/figure><div class=\"elementor-image-box-content\"><h3 class=\"elementor-image-box-title\">B\u00c2TONNETS DE PAIN DORE<span style=\"color:#FFC5D0\" ;=\"\"> $20<\/span><\/h3><p class=\"elementor-image-box-description\">b\u00e2tonnet de pain perdu panko frit, -yogourt au citron vert, sirop d'\u00e9rable, petits fruits, sucre glace<\/p><\/div><\/div>\t\t<\/div>\n\t\t\t\t<\/div>\n\t\t\t\t<\/div>\n\t\t<div class=\"elementor-element elementor-element-bed99de e-con-full e-flex e-con e-child\" data-id=\"bed99de\" data-element_type=\"container\">\n\t\t\t\t<div class=\"elementor-element elementor-element-9433bf7 elementor-widget__width-initial elementor-vertical-align-top elementor-widget elementor-widget-image-box\" data-id=\"9433bf7\" data-element_type=\"widget\" data-widget_type=\"image-box.default\">\n\t\t\t\t<div class=\"elementor-widget-container\">\n\t\t\t<div class=\"elementor-image-box-wrapper\"><figure class=\"elementor-image-box-img\"><img loading=\"lazy\" width=\"500\" height=\"500\" src=\"https:\/\/new.rubycafemtl.com\/wp-content\/uploads\/2025\/12\/2-Toast.png\" class=\"elementor-animation-grow attachment-full size-full wp-image-988654\" alt=\"\" srcset=\"https:\/\/new.rubycafemtl.com\/wp-content\/uploads\/2025\/12\/2-Toast.png 500w, https:\/\/new.rubycafemtl.com\/wp-content\/uploads\/2025\/12\/2-Toast-300x300.png 300w, https:\/\/new.rubycafemtl.com\/wp-content\/uploads\/2025\/12\/2-Toast-150x150.png 150w, https:\/\/new.rubycafemtl.com\/wp-content\/uploads\/2025\/12\/2-Toast-12x12.png 12w\" sizes=\"(max-width: 500px) 100vw, 500px\" \/><\/figure><div class=\"elementor-image-box-content\"><h3 class=\"elementor-image-box-title\">LES 2 TOASTS<span style=\"color:#FFC5D0\" ;=\"\"> $16<\/span><\/h3><p class=\"elementor-image-box-description\">Pain de campagne, compote de prunes et de pommes aux 5 \u00e9pices, ricotta \u00e0 la vanille et \u00e0 l'\u00e9rable, miel d'Anicet \u00e0 l'anis \u00e9toil\u00e9, baies, fleurs de bleuet<\/p><\/div><\/div>\t\t<\/div>\n\t\t\t\t<\/div>\n\t\t\t\t<\/div>\n\t\t\t\t<\/div>\n\t\t\t\t<\/div>","protected":false},"excerpt":{"rendered":"<p>Dessert Plates BAILEY\u2019S CRUMBLE PARFAIT $20 Coconut Yogurt, Bananas with Maple Syrup, Crumble, Blond Raisin, Coconut Shell, Small Fruit, Blueberry Flower, Mango And Lime Smoothie Shooter RUBY\u2019S PANCAKE $22 2 Ricotta &#038; Lime Mini Pancake, Caramelized Maple Pineapple, Fresh Vanilla Yogurt, Petit Fruit, Maple Almond Crunch, Poppy Seed, Maple Syrup FRENCH TOAST STICKS $20 fried&#8230;<\/p>","protected":false},"author":1,"featured_media":0,"parent":987739,"menu_order":0,"comment_status":"closed","ping_status":"closed","template":"","meta":{"inline_featured_image":false},"yoast_head":"<!-- This site is optimized with the Yoast SEO plugin v23.0 - https:\/\/yoast.com\/wordpress\/plugins\/seo\/ -->\n<title>Dessert Plates - Ruby Cafe MTL<\/title>\n<meta name=\"robots\" content=\"index, follow, max-snippet:-1, max-image-preview:large, max-video-preview:-1\" \/>\n<link rel=\"canonical\" href=\"https:\/\/new.rubycafemtl.com\/fr\/menu\/dessert-plates\/\" \/>\n<meta property=\"og:locale\" content=\"fr_CA\" \/>\n<meta property=\"og:type\" content=\"article\" \/>\n<meta property=\"og:title\" content=\"Dessert Plates - Ruby Cafe MTL\" \/>\n<meta property=\"og:description\" content=\"Dessert Plates BAILEY\u2019S CRUMBLE PARFAIT $20 Coconut Yogurt, Bananas with Maple Syrup, Crumble, Blond Raisin, Coconut Shell, Small Fruit, Blueberry Flower, Mango And Lime Smoothie Shooter RUBY\u2019S PANCAKE $22 2 Ricotta &#038; Lime Mini Pancake, Caramelized Maple Pineapple, Fresh Vanilla Yogurt, Petit Fruit, Maple Almond Crunch, Poppy Seed, Maple Syrup FRENCH TOAST STICKS $20 fried...\" \/>\n<meta property=\"og:url\" content=\"https:\/\/new.rubycafemtl.com\/fr\/menu\/dessert-plates\/\" \/>\n<meta property=\"og:site_name\" content=\"Ruby Cafe MTL\" \/>\n<meta property=\"article:modified_time\" content=\"2025-12-24T16:06:29+00:00\" \/>\n<meta property=\"og:image\" content=\"https:\/\/new.rubycafemtl.com\/wp-content\/uploads\/2025\/12\/Baileys-crumble.png\" \/>\n<meta name=\"twitter:card\" content=\"summary_large_image\" \/>\n<meta name=\"twitter:label1\" content=\"Estimation du temps de lecture\" \/>\n\t<meta name=\"twitter:data1\" content=\"2 minutes\" \/>\n<script type=\"application\/ld+json\" class=\"yoast-schema-graph\">{\"@context\":\"https:\/\/schema.org\",\"@graph\":[{\"@type\":\"WebPage\",\"@id\":\"https:\/\/new.rubycafemtl.com\/menu\/dessert-plates\/\",\"url\":\"https:\/\/new.rubycafemtl.com\/menu\/dessert-plates\/\",\"name\":\"Dessert Plates - Ruby Cafe MTL\",\"isPartOf\":{\"@id\":\"https:\/\/new.rubycafemtl.com\/#website\"},\"primaryImageOfPage\":{\"@id\":\"https:\/\/new.rubycafemtl.com\/menu\/dessert-plates\/#primaryimage\"},\"image\":{\"@id\":\"https:\/\/new.rubycafemtl.com\/menu\/dessert-plates\/#primaryimage\"},\"thumbnailUrl\":\"https:\/\/new.rubycafemtl.com\/wp-content\/uploads\/2025\/12\/Baileys-crumble.png\",\"datePublished\":\"2023-10-25T17:57:59+00:00\",\"dateModified\":\"2025-12-24T16:06:29+00:00\",\"breadcrumb\":{\"@id\":\"https:\/\/new.rubycafemtl.com\/menu\/dessert-plates\/#breadcrumb\"},\"inLanguage\":\"fr-CA\",\"potentialAction\":[{\"@type\":\"ReadAction\",\"target\":[\"https:\/\/new.rubycafemtl.com\/menu\/dessert-plates\/\"]}]},{\"@type\":\"ImageObject\",\"inLanguage\":\"fr-CA\",\"@id\":\"https:\/\/new.rubycafemtl.com\/menu\/dessert-plates\/#primaryimage\",\"url\":\"https:\/\/new.rubycafemtl.com\/wp-content\/uploads\/2025\/12\/Baileys-crumble.png\",\"contentUrl\":\"https:\/\/new.rubycafemtl.com\/wp-content\/uploads\/2025\/12\/Baileys-crumble.png\"},{\"@type\":\"BreadcrumbList\",\"@id\":\"https:\/\/new.rubycafemtl.com\/menu\/dessert-plates\/#breadcrumb\",\"itemListElement\":[{\"@type\":\"ListItem\",\"position\":1,\"name\":\"Home\",\"item\":\"https:\/\/new.rubycafemtl.com\/\"},{\"@type\":\"ListItem\",\"position\":2,\"name\":\"Human Menu\",\"item\":\"https:\/\/new.rubycafemtl.com\/menu\/\"},{\"@type\":\"ListItem\",\"position\":3,\"name\":\"Dessert Plates\"}]},{\"@type\":\"WebSite\",\"@id\":\"https:\/\/new.rubycafemtl.com\/#website\",\"url\":\"https:\/\/new.rubycafemtl.com\/\",\"name\":\"Ruby Cafe MTL\",\"description\":\"\",\"publisher\":{\"@id\":\"https:\/\/new.rubycafemtl.com\/#organization\"},\"potentialAction\":[{\"@type\":\"SearchAction\",\"target\":{\"@type\":\"EntryPoint\",\"urlTemplate\":\"https:\/\/new.rubycafemtl.com\/?s={search_term_string}\"},\"query-input\":\"required name=search_term_string\"}],\"inLanguage\":\"fr-CA\"},{\"@type\":\"Organization\",\"@id\":\"https:\/\/new.rubycafemtl.com\/#organization\",\"name\":\"Ruby Cafe MTL\",\"url\":\"https:\/\/new.rubycafemtl.com\/\",\"logo\":{\"@type\":\"ImageObject\",\"inLanguage\":\"fr-CA\",\"@id\":\"https:\/\/new.rubycafemtl.com\/#\/schema\/logo\/image\/\",\"url\":\"https:\/\/new.rubycafemtl.com\/wp-content\/uploads\/2022\/03\/Ruby-Cafe-Logo-2-\u00d7-2-in.png\",\"contentUrl\":\"https:\/\/new.rubycafemtl.com\/wp-content\/uploads\/2022\/03\/Ruby-Cafe-Logo-2-\u00d7-2-in.png\",\"width\":600,\"height\":600,\"caption\":\"Ruby Cafe MTL\"},\"image\":{\"@id\":\"https:\/\/new.rubycafemtl.com\/#\/schema\/logo\/image\/\"}}]}<\/script>\n<!-- \/ Yoast SEO plugin. -->","yoast_head_json":{"title":"Dessert Plates - Ruby Cafe MTL","robots":{"index":"index","follow":"follow","max-snippet":"max-snippet:-1","max-image-preview":"max-image-preview:large","max-video-preview":"max-video-preview:-1"},"canonical":"https:\/\/new.rubycafemtl.com\/fr\/menu\/dessert-plates\/","og_locale":"fr_CA","og_type":"article","og_title":"Dessert Plates - Ruby Cafe MTL","og_description":"Dessert Plates BAILEY\u2019S CRUMBLE PARFAIT $20 Coconut Yogurt, Bananas with Maple Syrup, Crumble, Blond Raisin, Coconut Shell, Small Fruit, Blueberry Flower, Mango And Lime Smoothie Shooter RUBY\u2019S PANCAKE $22 2 Ricotta &#038; Lime Mini Pancake, Caramelized Maple Pineapple, Fresh Vanilla Yogurt, Petit Fruit, Maple Almond Crunch, Poppy Seed, Maple Syrup FRENCH TOAST STICKS $20 fried...","og_url":"https:\/\/new.rubycafemtl.com\/fr\/menu\/dessert-plates\/","og_site_name":"Ruby Cafe MTL","article_modified_time":"2025-12-24T16:06:29+00:00","og_image":[{"url":"https:\/\/new.rubycafemtl.com\/wp-content\/uploads\/2025\/12\/Baileys-crumble.png"}],"twitter_card":"summary_large_image","twitter_misc":{"Estimation du temps de lecture":"2 minutes"},"schema":{"@context":"https:\/\/schema.org","@graph":[{"@type":"WebPage","@id":"https:\/\/new.rubycafemtl.com\/menu\/dessert-plates\/","url":"https:\/\/new.rubycafemtl.com\/menu\/dessert-plates\/","name":"Dessert Plates - Ruby Cafe MTL","isPartOf":{"@id":"https:\/\/new.rubycafemtl.com\/#website"},"primaryImageOfPage":{"@id":"https:\/\/new.rubycafemtl.com\/menu\/dessert-plates\/#primaryimage"},"image":{"@id":"https:\/\/new.rubycafemtl.com\/menu\/dessert-plates\/#primaryimage"},"thumbnailUrl":"https:\/\/new.rubycafemtl.com\/wp-content\/uploads\/2025\/12\/Baileys-crumble.png","datePublished":"2023-10-25T17:57:59+00:00","dateModified":"2025-12-24T16:06:29+00:00","breadcrumb":{"@id":"https:\/\/new.rubycafemtl.com\/menu\/dessert-plates\/#breadcrumb"},"inLanguage":"fr-CA","potentialAction":[{"@type":"ReadAction","target":["https:\/\/new.rubycafemtl.com\/menu\/dessert-plates\/"]}]},{"@type":"ImageObject","inLanguage":"fr-CA","@id":"https:\/\/new.rubycafemtl.com\/menu\/dessert-plates\/#primaryimage","url":"https:\/\/new.rubycafemtl.com\/wp-content\/uploads\/2025\/12\/Baileys-crumble.png","contentUrl":"https:\/\/new.rubycafemtl.com\/wp-content\/uploads\/2025\/12\/Baileys-crumble.png"},{"@type":"BreadcrumbList","@id":"https:\/\/new.rubycafemtl.com\/menu\/dessert-plates\/#breadcrumb","itemListElement":[{"@type":"ListItem","position":1,"name":"Home","item":"https:\/\/new.rubycafemtl.com\/"},{"@type":"ListItem","position":2,"name":"Human Menu","item":"https:\/\/new.rubycafemtl.com\/menu\/"},{"@type":"ListItem","position":3,"name":"Dessert Plates"}]},{"@type":"WebSite","@id":"https:\/\/new.rubycafemtl.com\/#website","url":"https:\/\/new.rubycafemtl.com\/","name":"Ruby Cafe MTL","description":"","publisher":{"@id":"https:\/\/new.rubycafemtl.com\/#organization"},"potentialAction":[{"@type":"SearchAction","target":{"@type":"EntryPoint","urlTemplate":"https:\/\/new.rubycafemtl.com\/?s={search_term_string}"},"query-input":"required name=search_term_string"}],"inLanguage":"fr-CA"},{"@type":"Organization","@id":"https:\/\/new.rubycafemtl.com\/#organization","name":"Ruby Cafe MTL","url":"https:\/\/new.rubycafemtl.com\/","logo":{"@type":"ImageObject","inLanguage":"fr-CA","@id":"https:\/\/new.rubycafemtl.com\/#\/schema\/logo\/image\/","url":"https:\/\/new.rubycafemtl.com\/wp-content\/uploads\/2022\/03\/Ruby-Cafe-Logo-2-\u00d7-2-in.png","contentUrl":"https:\/\/new.rubycafemtl.com\/wp-content\/uploads\/2022\/03\/Ruby-Cafe-Logo-2-\u00d7-2-in.png","width":600,"height":600,"caption":"Ruby Cafe MTL"},"image":{"@id":"https:\/\/new.rubycafemtl.com\/#\/schema\/logo\/image\/"}}]}},"_links":{"self":[{"href":"https:\/\/new.rubycafemtl.com\/fr\/wp-json\/wp\/v2\/pages\/988090"}],"collection":[{"href":"https:\/\/new.rubycafemtl.com\/fr\/wp-json\/wp\/v2\/pages"}],"about":[{"href":"https:\/\/new.rubycafemtl.com\/fr\/wp-json\/wp\/v2\/types\/page"}],"author":[{"embeddable":true,"href":"https:\/\/new.rubycafemtl.com\/fr\/wp-json\/wp\/v2\/users\/1"}],"replies":[{"embeddable":true,"href":"https:\/\/new.rubycafemtl.com\/fr\/wp-json\/wp\/v2\/comments?post=988090"}],"version-history":[{"count":16,"href":"https:\/\/new.rubycafemtl.com\/fr\/wp-json\/wp\/v2\/pages\/988090\/revisions"}],"predecessor-version":[{"id":988681,"href":"https:\/\/new.rubycafemtl.com\/fr\/wp-json\/wp\/v2\/pages\/988090\/revisions\/988681"}],"up":[{"embeddable":true,"href":"https:\/\/new.rubycafemtl.com\/fr\/wp-json\/wp\/v2\/pages\/987739"}],"wp:attachment":[{"href":"https:\/\/new.rubycafemtl.com\/fr\/wp-json\/wp\/v2\/media?parent=988090"}],"curies":[{"name":"wp","href":"https:\/\/api.w.org\/{rel}","templated":true}]}}