{"id":988078,"date":"2023-10-25T17:51:51","date_gmt":"2023-10-25T17:51:51","guid":{"rendered":"https:\/\/new.rubycafemtl.com\/?page_id=988078"},"modified":"2025-12-24T16:07:49","modified_gmt":"2025-12-24T16:07:49","slug":"kids-plates","status":"publish","type":"page","link":"https:\/\/new.rubycafemtl.com\/fr\/menu\/kids-plates\/","title":{"rendered":"Assiettes pour enfants"},"content":{"rendered":"<div data-elementor-type=\"wp-page\" data-elementor-id=\"988078\" class=\"elementor elementor-988078\" data-elementor-post-type=\"page\">\n\t\t\t\t<div class=\"elementor-element elementor-element-7aa7884 e-flex e-con-boxed e-con e-parent\" data-id=\"7aa7884\" data-element_type=\"container\">\n\t\t\t\t\t<div class=\"e-con-inner\">\n\t\t\t\t<div class=\"elementor-element elementor-element-17a9626 elementor-widget elementor-widget-heading\" data-id=\"17a9626\" data-element_type=\"widget\" data-widget_type=\"heading.default\">\n\t\t\t\t<div class=\"elementor-widget-container\">\n\t\t\t<style>\/*! elementor - v3.23.0 - 15-07-2024 *\/\n.elementor-heading-title{padding:0;margin:0;line-height:1}.elementor-widget-heading .elementor-heading-title[class*=elementor-size-]>a{color:inherit;font-size:inherit;line-height:inherit}.elementor-widget-heading .elementor-heading-title.elementor-size-small{font-size:15px}.elementor-widget-heading .elementor-heading-title.elementor-size-medium{font-size:19px}.elementor-widget-heading .elementor-heading-title.elementor-size-large{font-size:29px}.elementor-widget-heading .elementor-heading-title.elementor-size-xl{font-size:39px}.elementor-widget-heading .elementor-heading-title.elementor-size-xxl{font-size:59px}<\/style><h2 class=\"elementor-heading-title elementor-size-default\">Assiettes pour enfants<\/h2>\t\t<\/div>\n\t\t\t\t<\/div>\n\t\t\t\t\t<\/div>\n\t\t\t\t<\/div>\n\t\t<div class=\"elementor-element elementor-element-3aff306 e-con-full e-flex e-con e-parent\" data-id=\"3aff306\" data-element_type=\"container\">\n\t\t<div class=\"elementor-element elementor-element-7f0126e e-con-full e-flex e-con e-child\" data-id=\"7f0126e\" data-element_type=\"container\">\n\t\t\t\t<div class=\"elementor-element elementor-element-cef4bbe elementor-position-top elementor-widget elementor-widget-image-box\" data-id=\"cef4bbe\" data-element_type=\"widget\" data-widget_type=\"image-box.default\">\n\t\t\t\t<div class=\"elementor-widget-container\">\n\t\t\t<style>\/*! elementor - v3.23.0 - 15-07-2024 *\/\n.elementor-widget-image-box .elementor-image-box-content{width:100%}@media (min-width:768px){.elementor-widget-image-box.elementor-position-left .elementor-image-box-wrapper,.elementor-widget-image-box.elementor-position-right .elementor-image-box-wrapper{display:flex}.elementor-widget-image-box.elementor-position-right .elementor-image-box-wrapper{text-align:end;flex-direction:row-reverse}.elementor-widget-image-box.elementor-position-left .elementor-image-box-wrapper{text-align:start;flex-direction:row}.elementor-widget-image-box.elementor-position-top .elementor-image-box-img{margin:auto}.elementor-widget-image-box.elementor-vertical-align-top .elementor-image-box-wrapper{align-items:flex-start}.elementor-widget-image-box.elementor-vertical-align-middle .elementor-image-box-wrapper{align-items:center}.elementor-widget-image-box.elementor-vertical-align-bottom .elementor-image-box-wrapper{align-items:flex-end}}@media (max-width:767px){.elementor-widget-image-box .elementor-image-box-img{margin-left:auto!important;margin-right:auto!important;margin-bottom:15px}}.elementor-widget-image-box .elementor-image-box-img{display:inline-block}.elementor-widget-image-box .elementor-image-box-title a{color:inherit}.elementor-widget-image-box .elementor-image-box-wrapper{text-align:center}.elementor-widget-image-box .elementor-image-box-description{margin:0}<\/style><div class=\"elementor-image-box-wrapper\"><figure class=\"elementor-image-box-img\"><img src=\"https:\/\/new.rubycafemtl.com\/wp-content\/uploads\/elementor\/thumbs\/Smiley-Breakfast-rgmvl60ony6a5ukjwne9cuhg4wli2gpyfsl8qnuadc.png\" title=\"Smiley Breakfast\" alt=\"Smiley Breakfast\" class=\"elementor-animation-grow\" loading=\"lazy\" \/><\/figure><div class=\"elementor-image-box-content\"><h3 class=\"elementor-image-box-title\">SMILEY BREAKFAST <span style=\"color:#FFC5D0\" ;=\"\"> $13 <\/span><\/h3><p class=\"elementor-image-box-description\">1 oeuf, pommes de terre, assaisonn\u00e9s de chorizo servis avec du pain champagnard grill\u00e9<\/p><\/div><\/div>\t\t<\/div>\n\t\t\t\t<\/div>\n\t\t\t\t<\/div>\n\t\t<div class=\"elementor-element elementor-element-aacdd83 e-con-full e-flex e-con e-child\" data-id=\"aacdd83\" data-element_type=\"container\">\n\t\t\t\t<div class=\"elementor-element elementor-element-6a2d481 elementor-position-top elementor-widget elementor-widget-image-box\" data-id=\"6a2d481\" data-element_type=\"widget\" data-widget_type=\"image-box.default\">\n\t\t\t\t<div class=\"elementor-widget-container\">\n\t\t\t<div class=\"elementor-image-box-wrapper\"><figure class=\"elementor-image-box-img\"><img src=\"https:\/\/new.rubycafemtl.com\/wp-content\/uploads\/elementor\/thumbs\/Ruby-Cafe-Logo-2-\u00d7-2-in-1-qsm4vfwz7oivm25y7fn4116kn4gtx4od1guuo9e2v4.png\" title=\"Ruby Cafe Logo (2 \u00d7 2 in) (1)\" alt=\"Ruby Cafe Logo (2 \u00d7 2 in) (1)\" class=\"elementor-animation-grow\" loading=\"lazy\" \/><\/figure><div class=\"elementor-image-box-content\"><h3 class=\"elementor-image-box-title\">PUPPY PANCAKE <span style=\"color:#FFC5D0\" ;=\"\"> $15<\/span><\/h3><p class=\"elementor-image-box-description\">Pan cake \u00e0 la vanille, Pan cake au chocolat avec des baies accompagn\u00e9es de fraises et de sirop d'\u00e9rable<\/p><\/div><\/div>\t\t<\/div>\n\t\t\t\t<\/div>\n\t\t\t\t<\/div>\n\t\t\t\t<\/div>\n\t\t\t\t<\/div>","protected":false},"excerpt":{"rendered":"<p>Kids Plates SMILEY BREAKFAST $13 1 eggs, potatoes, seasoned with chorizo \u200b\u200bserved with toasted champagnard bread PUPPY PANCAKE $15 Vanilla Pan cake, Chocolate Pan cake with berries accompanied by strawberry and maple syrup<\/p>","protected":false},"author":1,"featured_media":0,"parent":987739,"menu_order":0,"comment_status":"closed","ping_status":"closed","template":"","meta":{"inline_featured_image":false},"yoast_head":"<!-- This site is optimized with the Yoast SEO plugin v23.0 - https:\/\/yoast.com\/wordpress\/plugins\/seo\/ -->\n<title>Kids Plates - Ruby Cafe MTL<\/title>\n<meta name=\"robots\" content=\"index, follow, max-snippet:-1, max-image-preview:large, max-video-preview:-1\" \/>\n<link rel=\"canonical\" href=\"https:\/\/new.rubycafemtl.com\/fr\/menu\/kids-plates\/\" \/>\n<meta property=\"og:locale\" content=\"fr_CA\" \/>\n<meta property=\"og:type\" content=\"article\" \/>\n<meta property=\"og:title\" content=\"Kids Plates - Ruby Cafe MTL\" \/>\n<meta property=\"og:description\" content=\"Kids Plates SMILEY BREAKFAST $13 1 eggs, potatoes, seasoned with chorizo \u200b\u200bserved with toasted champagnard bread PUPPY PANCAKE $15 Vanilla Pan cake, Chocolate Pan cake with berries accompanied by strawberry and maple syrup\" \/>\n<meta property=\"og:url\" content=\"https:\/\/new.rubycafemtl.com\/fr\/menu\/kids-plates\/\" \/>\n<meta property=\"og:site_name\" content=\"Ruby Cafe MTL\" \/>\n<meta property=\"article:modified_time\" content=\"2025-12-24T16:07:49+00:00\" \/>\n<meta property=\"og:image\" content=\"https:\/\/new.rubycafemtl.com\/wp-content\/uploads\/elementor\/thumbs\/Smiley-Breakfast-rgmvl60ony6a5ukjwne9cuhg4wli2gpyfsl8qnuadc.png\" \/>\n<meta name=\"twitter:card\" content=\"summary_large_image\" \/>\n<meta name=\"twitter:label1\" content=\"Estimation du temps de lecture\" \/>\n\t<meta name=\"twitter:data1\" content=\"1 minute\" \/>\n<script type=\"application\/ld+json\" class=\"yoast-schema-graph\">{\"@context\":\"https:\/\/schema.org\",\"@graph\":[{\"@type\":\"WebPage\",\"@id\":\"https:\/\/new.rubycafemtl.com\/menu\/kids-plates\/\",\"url\":\"https:\/\/new.rubycafemtl.com\/menu\/kids-plates\/\",\"name\":\"Kids Plates - Ruby Cafe MTL\",\"isPartOf\":{\"@id\":\"https:\/\/new.rubycafemtl.com\/#website\"},\"primaryImageOfPage\":{\"@id\":\"https:\/\/new.rubycafemtl.com\/menu\/kids-plates\/#primaryimage\"},\"image\":{\"@id\":\"https:\/\/new.rubycafemtl.com\/menu\/kids-plates\/#primaryimage\"},\"thumbnailUrl\":\"https:\/\/new.rubycafemtl.com\/wp-content\/uploads\/elementor\/thumbs\/Smiley-Breakfast-rgmvl60ony6a5ukjwne9cuhg4wli2gpyfsl8qnuadc.png\",\"datePublished\":\"2023-10-25T17:51:51+00:00\",\"dateModified\":\"2025-12-24T16:07:49+00:00\",\"breadcrumb\":{\"@id\":\"https:\/\/new.rubycafemtl.com\/menu\/kids-plates\/#breadcrumb\"},\"inLanguage\":\"fr-CA\",\"potentialAction\":[{\"@type\":\"ReadAction\",\"target\":[\"https:\/\/new.rubycafemtl.com\/menu\/kids-plates\/\"]}]},{\"@type\":\"ImageObject\",\"inLanguage\":\"fr-CA\",\"@id\":\"https:\/\/new.rubycafemtl.com\/menu\/kids-plates\/#primaryimage\",\"url\":\"https:\/\/new.rubycafemtl.com\/wp-content\/uploads\/elementor\/thumbs\/Smiley-Breakfast-rgmvl60ony6a5ukjwne9cuhg4wli2gpyfsl8qnuadc.png\",\"contentUrl\":\"https:\/\/new.rubycafemtl.com\/wp-content\/uploads\/elementor\/thumbs\/Smiley-Breakfast-rgmvl60ony6a5ukjwne9cuhg4wli2gpyfsl8qnuadc.png\"},{\"@type\":\"BreadcrumbList\",\"@id\":\"https:\/\/new.rubycafemtl.com\/menu\/kids-plates\/#breadcrumb\",\"itemListElement\":[{\"@type\":\"ListItem\",\"position\":1,\"name\":\"Home\",\"item\":\"https:\/\/new.rubycafemtl.com\/\"},{\"@type\":\"ListItem\",\"position\":2,\"name\":\"Human Menu\",\"item\":\"https:\/\/new.rubycafemtl.com\/menu\/\"},{\"@type\":\"ListItem\",\"position\":3,\"name\":\"Kids Plates\"}]},{\"@type\":\"WebSite\",\"@id\":\"https:\/\/new.rubycafemtl.com\/#website\",\"url\":\"https:\/\/new.rubycafemtl.com\/\",\"name\":\"Ruby Cafe MTL\",\"description\":\"\",\"publisher\":{\"@id\":\"https:\/\/new.rubycafemtl.com\/#organization\"},\"potentialAction\":[{\"@type\":\"SearchAction\",\"target\":{\"@type\":\"EntryPoint\",\"urlTemplate\":\"https:\/\/new.rubycafemtl.com\/?s={search_term_string}\"},\"query-input\":\"required name=search_term_string\"}],\"inLanguage\":\"fr-CA\"},{\"@type\":\"Organization\",\"@id\":\"https:\/\/new.rubycafemtl.com\/#organization\",\"name\":\"Ruby Cafe MTL\",\"url\":\"https:\/\/new.rubycafemtl.com\/\",\"logo\":{\"@type\":\"ImageObject\",\"inLanguage\":\"fr-CA\",\"@id\":\"https:\/\/new.rubycafemtl.com\/#\/schema\/logo\/image\/\",\"url\":\"https:\/\/new.rubycafemtl.com\/wp-content\/uploads\/2022\/03\/Ruby-Cafe-Logo-2-\u00d7-2-in.png\",\"contentUrl\":\"https:\/\/new.rubycafemtl.com\/wp-content\/uploads\/2022\/03\/Ruby-Cafe-Logo-2-\u00d7-2-in.png\",\"width\":600,\"height\":600,\"caption\":\"Ruby Cafe MTL\"},\"image\":{\"@id\":\"https:\/\/new.rubycafemtl.com\/#\/schema\/logo\/image\/\"}}]}<\/script>\n<!-- \/ Yoast SEO plugin. -->","yoast_head_json":{"title":"Kids Plates - Ruby Cafe MTL","robots":{"index":"index","follow":"follow","max-snippet":"max-snippet:-1","max-image-preview":"max-image-preview:large","max-video-preview":"max-video-preview:-1"},"canonical":"https:\/\/new.rubycafemtl.com\/fr\/menu\/kids-plates\/","og_locale":"fr_CA","og_type":"article","og_title":"Kids Plates - Ruby Cafe MTL","og_description":"Kids Plates SMILEY BREAKFAST $13 1 eggs, potatoes, seasoned with chorizo \u200b\u200bserved with toasted champagnard bread PUPPY PANCAKE $15 Vanilla Pan cake, Chocolate Pan cake with berries accompanied by strawberry and maple syrup","og_url":"https:\/\/new.rubycafemtl.com\/fr\/menu\/kids-plates\/","og_site_name":"Ruby Cafe MTL","article_modified_time":"2025-12-24T16:07:49+00:00","og_image":[{"url":"https:\/\/new.rubycafemtl.com\/wp-content\/uploads\/elementor\/thumbs\/Smiley-Breakfast-rgmvl60ony6a5ukjwne9cuhg4wli2gpyfsl8qnuadc.png"}],"twitter_card":"summary_large_image","twitter_misc":{"Estimation du temps de lecture":"1 minute"},"schema":{"@context":"https:\/\/schema.org","@graph":[{"@type":"WebPage","@id":"https:\/\/new.rubycafemtl.com\/menu\/kids-plates\/","url":"https:\/\/new.rubycafemtl.com\/menu\/kids-plates\/","name":"Kids Plates - Ruby Cafe MTL","isPartOf":{"@id":"https:\/\/new.rubycafemtl.com\/#website"},"primaryImageOfPage":{"@id":"https:\/\/new.rubycafemtl.com\/menu\/kids-plates\/#primaryimage"},"image":{"@id":"https:\/\/new.rubycafemtl.com\/menu\/kids-plates\/#primaryimage"},"thumbnailUrl":"https:\/\/new.rubycafemtl.com\/wp-content\/uploads\/elementor\/thumbs\/Smiley-Breakfast-rgmvl60ony6a5ukjwne9cuhg4wli2gpyfsl8qnuadc.png","datePublished":"2023-10-25T17:51:51+00:00","dateModified":"2025-12-24T16:07:49+00:00","breadcrumb":{"@id":"https:\/\/new.rubycafemtl.com\/menu\/kids-plates\/#breadcrumb"},"inLanguage":"fr-CA","potentialAction":[{"@type":"ReadAction","target":["https:\/\/new.rubycafemtl.com\/menu\/kids-plates\/"]}]},{"@type":"ImageObject","inLanguage":"fr-CA","@id":"https:\/\/new.rubycafemtl.com\/menu\/kids-plates\/#primaryimage","url":"https:\/\/new.rubycafemtl.com\/wp-content\/uploads\/elementor\/thumbs\/Smiley-Breakfast-rgmvl60ony6a5ukjwne9cuhg4wli2gpyfsl8qnuadc.png","contentUrl":"https:\/\/new.rubycafemtl.com\/wp-content\/uploads\/elementor\/thumbs\/Smiley-Breakfast-rgmvl60ony6a5ukjwne9cuhg4wli2gpyfsl8qnuadc.png"},{"@type":"BreadcrumbList","@id":"https:\/\/new.rubycafemtl.com\/menu\/kids-plates\/#breadcrumb","itemListElement":[{"@type":"ListItem","position":1,"name":"Home","item":"https:\/\/new.rubycafemtl.com\/"},{"@type":"ListItem","position":2,"name":"Human Menu","item":"https:\/\/new.rubycafemtl.com\/menu\/"},{"@type":"ListItem","position":3,"name":"Kids Plates"}]},{"@type":"WebSite","@id":"https:\/\/new.rubycafemtl.com\/#website","url":"https:\/\/new.rubycafemtl.com\/","name":"Ruby Cafe MTL","description":"","publisher":{"@id":"https:\/\/new.rubycafemtl.com\/#organization"},"potentialAction":[{"@type":"SearchAction","target":{"@type":"EntryPoint","urlTemplate":"https:\/\/new.rubycafemtl.com\/?s={search_term_string}"},"query-input":"required name=search_term_string"}],"inLanguage":"fr-CA"},{"@type":"Organization","@id":"https:\/\/new.rubycafemtl.com\/#organization","name":"Ruby Cafe MTL","url":"https:\/\/new.rubycafemtl.com\/","logo":{"@type":"ImageObject","inLanguage":"fr-CA","@id":"https:\/\/new.rubycafemtl.com\/#\/schema\/logo\/image\/","url":"https:\/\/new.rubycafemtl.com\/wp-content\/uploads\/2022\/03\/Ruby-Cafe-Logo-2-\u00d7-2-in.png","contentUrl":"https:\/\/new.rubycafemtl.com\/wp-content\/uploads\/2022\/03\/Ruby-Cafe-Logo-2-\u00d7-2-in.png","width":600,"height":600,"caption":"Ruby Cafe MTL"},"image":{"@id":"https:\/\/new.rubycafemtl.com\/#\/schema\/logo\/image\/"}}]}},"_links":{"self":[{"href":"https:\/\/new.rubycafemtl.com\/fr\/wp-json\/wp\/v2\/pages\/988078"}],"collection":[{"href":"https:\/\/new.rubycafemtl.com\/fr\/wp-json\/wp\/v2\/pages"}],"about":[{"href":"https:\/\/new.rubycafemtl.com\/fr\/wp-json\/wp\/v2\/types\/page"}],"author":[{"embeddable":true,"href":"https:\/\/new.rubycafemtl.com\/fr\/wp-json\/wp\/v2\/users\/1"}],"replies":[{"embeddable":true,"href":"https:\/\/new.rubycafemtl.com\/fr\/wp-json\/wp\/v2\/comments?post=988078"}],"version-history":[{"count":16,"href":"https:\/\/new.rubycafemtl.com\/fr\/wp-json\/wp\/v2\/pages\/988078\/revisions"}],"predecessor-version":[{"id":988688,"href":"https:\/\/new.rubycafemtl.com\/fr\/wp-json\/wp\/v2\/pages\/988078\/revisions\/988688"}],"up":[{"embeddable":true,"href":"https:\/\/new.rubycafemtl.com\/fr\/wp-json\/wp\/v2\/pages\/987739"}],"wp:attachment":[{"href":"https:\/\/new.rubycafemtl.com\/fr\/wp-json\/wp\/v2\/media?parent=988078"}],"curies":[{"name":"wp","href":"https:\/\/api.w.org\/{rel}","templated":true}]}}