{"id":988061,"date":"2023-10-25T17:36:18","date_gmt":"2023-10-25T17:36:18","guid":{"rendered":"https:\/\/new.rubycafemtl.com\/?page_id=988061"},"modified":"2025-12-24T16:07:53","modified_gmt":"2025-12-24T16:07:53","slug":"vegan-plates","status":"publish","type":"page","link":"https:\/\/new.rubycafemtl.com\/fr\/menu\/vegan-plates\/","title":{"rendered":"Assiettes v\u00e9g\u00e9taliennes"},"content":{"rendered":"<div data-elementor-type=\"wp-page\" data-elementor-id=\"988061\" class=\"elementor elementor-988061\" data-elementor-post-type=\"page\">\n\t\t\t\t<div class=\"elementor-element elementor-element-7aa7884 e-flex e-con-boxed e-con e-parent\" data-id=\"7aa7884\" data-element_type=\"container\">\n\t\t\t\t\t<div class=\"e-con-inner\">\n\t\t\t\t<div class=\"elementor-element elementor-element-17a9626 elementor-widget elementor-widget-heading\" data-id=\"17a9626\" data-element_type=\"widget\" data-widget_type=\"heading.default\">\n\t\t\t\t<div class=\"elementor-widget-container\">\n\t\t\t<style>\/*! elementor - v3.23.0 - 15-07-2024 *\/\n.elementor-heading-title{padding:0;margin:0;line-height:1}.elementor-widget-heading .elementor-heading-title[class*=elementor-size-]>a{color:inherit;font-size:inherit;line-height:inherit}.elementor-widget-heading .elementor-heading-title.elementor-size-small{font-size:15px}.elementor-widget-heading .elementor-heading-title.elementor-size-medium{font-size:19px}.elementor-widget-heading .elementor-heading-title.elementor-size-large{font-size:29px}.elementor-widget-heading .elementor-heading-title.elementor-size-xl{font-size:39px}.elementor-widget-heading .elementor-heading-title.elementor-size-xxl{font-size:59px}<\/style><h2 class=\"elementor-heading-title elementor-size-default\">Assiettes v\u00e9g\u00e9taliennes<\/h2>\t\t<\/div>\n\t\t\t\t<\/div>\n\t\t\t\t\t<\/div>\n\t\t\t\t<\/div>\n\t\t<div class=\"elementor-element elementor-element-f1988d0 e-flex e-con-boxed e-con e-parent\" data-id=\"f1988d0\" data-element_type=\"container\">\n\t\t\t\t\t<div class=\"e-con-inner\">\n\t\t<div class=\"elementor-element elementor-element-92735c2 e-con-full e-flex e-con e-child\" data-id=\"92735c2\" data-element_type=\"container\">\n\t\t\t\t<div class=\"elementor-element elementor-element-d997f3b elementor-widget__width-initial elementor-vertical-align-top elementor-widget elementor-widget-image-box\" data-id=\"d997f3b\" data-element_type=\"widget\" data-widget_type=\"image-box.default\">\n\t\t\t\t<div class=\"elementor-widget-container\">\n\t\t\t<style>\/*! elementor - v3.23.0 - 15-07-2024 *\/\n.elementor-widget-image-box .elementor-image-box-content{width:100%}@media (min-width:768px){.elementor-widget-image-box.elementor-position-left .elementor-image-box-wrapper,.elementor-widget-image-box.elementor-position-right .elementor-image-box-wrapper{display:flex}.elementor-widget-image-box.elementor-position-right .elementor-image-box-wrapper{text-align:end;flex-direction:row-reverse}.elementor-widget-image-box.elementor-position-left .elementor-image-box-wrapper{text-align:start;flex-direction:row}.elementor-widget-image-box.elementor-position-top .elementor-image-box-img{margin:auto}.elementor-widget-image-box.elementor-vertical-align-top .elementor-image-box-wrapper{align-items:flex-start}.elementor-widget-image-box.elementor-vertical-align-middle .elementor-image-box-wrapper{align-items:center}.elementor-widget-image-box.elementor-vertical-align-bottom .elementor-image-box-wrapper{align-items:flex-end}}@media (max-width:767px){.elementor-widget-image-box .elementor-image-box-img{margin-left:auto!important;margin-right:auto!important;margin-bottom:15px}}.elementor-widget-image-box .elementor-image-box-img{display:inline-block}.elementor-widget-image-box .elementor-image-box-title a{color:inherit}.elementor-widget-image-box .elementor-image-box-wrapper{text-align:center}.elementor-widget-image-box .elementor-image-box-description{margin:0}<\/style><div class=\"elementor-image-box-wrapper\"><figure class=\"elementor-image-box-img\"><img fetchpriority=\"high\" width=\"500\" height=\"500\" src=\"https:\/\/new.rubycafemtl.com\/wp-content\/uploads\/2025\/12\/Vegan-Tartine.png\" class=\"elementor-animation-grow attachment-large size-large wp-image-988674\" alt=\"\" srcset=\"https:\/\/new.rubycafemtl.com\/wp-content\/uploads\/2025\/12\/Vegan-Tartine.png 500w, https:\/\/new.rubycafemtl.com\/wp-content\/uploads\/2025\/12\/Vegan-Tartine-300x300.png 300w, https:\/\/new.rubycafemtl.com\/wp-content\/uploads\/2025\/12\/Vegan-Tartine-150x150.png 150w, https:\/\/new.rubycafemtl.com\/wp-content\/uploads\/2025\/12\/Vegan-Tartine-12x12.png 12w\" sizes=\"(max-width: 500px) 100vw, 500px\" \/><\/figure><div class=\"elementor-image-box-content\"><h3 class=\"elementor-image-box-title\">THE VEGAN TARTINE<span style=\"color:#FFC5D0\" ;=\"\"> $20<\/span><\/h3><p class=\"elementor-image-box-description\">Pain de campagne, humus \u00e0 l'ail confit et au zeste de citron, salade de tomates cerises, concombres libanais, radis, oignon rouge, pois chiches, raisins secs dor\u00e9s, amandes effil\u00e9es grill\u00e9es, ciboulette, huile d'herbes, chips de chou fris\u00e9 sal\u00e9es.<\/p><\/div><\/div>\t\t<\/div>\n\t\t\t\t<\/div>\n\t\t\t\t<\/div>\n\t\t\t\t\t<\/div>\n\t\t\t\t<\/div>\n\t\t\t\t<\/div>","protected":false},"excerpt":{"rendered":"<p>Vegan Plates THE VEGAN TARTINE $20 Country Bread, Humus With Garlic Confit And Lemon Zest, Cherry Tomato Salad, Lebanese Cucumbers, Radishes, Red Onion, Chickpeas, Golden Raisins, Roasted Slivered Almonds, Chives, Herb Oil, Salted Kale Chips<\/p>","protected":false},"author":1,"featured_media":0,"parent":987739,"menu_order":0,"comment_status":"closed","ping_status":"closed","template":"","meta":{"inline_featured_image":false},"yoast_head":"<!-- This site is optimized with the Yoast SEO plugin v23.0 - https:\/\/yoast.com\/wordpress\/plugins\/seo\/ -->\n<title>Vegan Plates - Ruby Cafe MTL<\/title>\n<meta name=\"robots\" content=\"index, follow, max-snippet:-1, max-image-preview:large, max-video-preview:-1\" \/>\n<link rel=\"canonical\" href=\"https:\/\/new.rubycafemtl.com\/fr\/menu\/vegan-plates\/\" \/>\n<meta property=\"og:locale\" content=\"fr_CA\" \/>\n<meta property=\"og:type\" content=\"article\" \/>\n<meta property=\"og:title\" content=\"Vegan Plates - Ruby Cafe MTL\" \/>\n<meta property=\"og:description\" content=\"Vegan Plates THE VEGAN TARTINE $20 Country Bread, Humus With Garlic Confit And Lemon Zest, Cherry Tomato Salad, Lebanese Cucumbers, Radishes, Red Onion, Chickpeas, Golden Raisins, Roasted Slivered Almonds, Chives, Herb Oil, Salted Kale Chips\" \/>\n<meta property=\"og:url\" content=\"https:\/\/new.rubycafemtl.com\/fr\/menu\/vegan-plates\/\" \/>\n<meta property=\"og:site_name\" content=\"Ruby Cafe MTL\" \/>\n<meta property=\"article:modified_time\" content=\"2025-12-24T16:07:53+00:00\" \/>\n<meta property=\"og:image\" content=\"https:\/\/new.rubycafemtl.com\/wp-content\/uploads\/2025\/12\/Vegan-Tartine.png\" \/>\n<meta name=\"twitter:card\" content=\"summary_large_image\" \/>\n<meta name=\"twitter:label1\" content=\"Estimation du temps de lecture\" \/>\n\t<meta name=\"twitter:data1\" content=\"1 minute\" \/>\n<script type=\"application\/ld+json\" class=\"yoast-schema-graph\">{\"@context\":\"https:\/\/schema.org\",\"@graph\":[{\"@type\":\"WebPage\",\"@id\":\"https:\/\/new.rubycafemtl.com\/menu\/vegan-plates\/\",\"url\":\"https:\/\/new.rubycafemtl.com\/menu\/vegan-plates\/\",\"name\":\"Vegan Plates - Ruby Cafe MTL\",\"isPartOf\":{\"@id\":\"https:\/\/new.rubycafemtl.com\/#website\"},\"primaryImageOfPage\":{\"@id\":\"https:\/\/new.rubycafemtl.com\/menu\/vegan-plates\/#primaryimage\"},\"image\":{\"@id\":\"https:\/\/new.rubycafemtl.com\/menu\/vegan-plates\/#primaryimage\"},\"thumbnailUrl\":\"https:\/\/new.rubycafemtl.com\/wp-content\/uploads\/2025\/12\/Vegan-Tartine.png\",\"datePublished\":\"2023-10-25T17:36:18+00:00\",\"dateModified\":\"2025-12-24T16:07:53+00:00\",\"breadcrumb\":{\"@id\":\"https:\/\/new.rubycafemtl.com\/menu\/vegan-plates\/#breadcrumb\"},\"inLanguage\":\"fr-CA\",\"potentialAction\":[{\"@type\":\"ReadAction\",\"target\":[\"https:\/\/new.rubycafemtl.com\/menu\/vegan-plates\/\"]}]},{\"@type\":\"ImageObject\",\"inLanguage\":\"fr-CA\",\"@id\":\"https:\/\/new.rubycafemtl.com\/menu\/vegan-plates\/#primaryimage\",\"url\":\"https:\/\/new.rubycafemtl.com\/wp-content\/uploads\/2025\/12\/Vegan-Tartine.png\",\"contentUrl\":\"https:\/\/new.rubycafemtl.com\/wp-content\/uploads\/2025\/12\/Vegan-Tartine.png\"},{\"@type\":\"BreadcrumbList\",\"@id\":\"https:\/\/new.rubycafemtl.com\/menu\/vegan-plates\/#breadcrumb\",\"itemListElement\":[{\"@type\":\"ListItem\",\"position\":1,\"name\":\"Home\",\"item\":\"https:\/\/new.rubycafemtl.com\/\"},{\"@type\":\"ListItem\",\"position\":2,\"name\":\"Human Menu\",\"item\":\"https:\/\/new.rubycafemtl.com\/menu\/\"},{\"@type\":\"ListItem\",\"position\":3,\"name\":\"Vegan Plates\"}]},{\"@type\":\"WebSite\",\"@id\":\"https:\/\/new.rubycafemtl.com\/#website\",\"url\":\"https:\/\/new.rubycafemtl.com\/\",\"name\":\"Ruby Cafe MTL\",\"description\":\"\",\"publisher\":{\"@id\":\"https:\/\/new.rubycafemtl.com\/#organization\"},\"potentialAction\":[{\"@type\":\"SearchAction\",\"target\":{\"@type\":\"EntryPoint\",\"urlTemplate\":\"https:\/\/new.rubycafemtl.com\/?s={search_term_string}\"},\"query-input\":\"required name=search_term_string\"}],\"inLanguage\":\"fr-CA\"},{\"@type\":\"Organization\",\"@id\":\"https:\/\/new.rubycafemtl.com\/#organization\",\"name\":\"Ruby Cafe MTL\",\"url\":\"https:\/\/new.rubycafemtl.com\/\",\"logo\":{\"@type\":\"ImageObject\",\"inLanguage\":\"fr-CA\",\"@id\":\"https:\/\/new.rubycafemtl.com\/#\/schema\/logo\/image\/\",\"url\":\"https:\/\/new.rubycafemtl.com\/wp-content\/uploads\/2022\/03\/Ruby-Cafe-Logo-2-\u00d7-2-in.png\",\"contentUrl\":\"https:\/\/new.rubycafemtl.com\/wp-content\/uploads\/2022\/03\/Ruby-Cafe-Logo-2-\u00d7-2-in.png\",\"width\":600,\"height\":600,\"caption\":\"Ruby Cafe MTL\"},\"image\":{\"@id\":\"https:\/\/new.rubycafemtl.com\/#\/schema\/logo\/image\/\"}}]}<\/script>\n<!-- \/ Yoast SEO plugin. -->","yoast_head_json":{"title":"Vegan Plates - Ruby Cafe MTL","robots":{"index":"index","follow":"follow","max-snippet":"max-snippet:-1","max-image-preview":"max-image-preview:large","max-video-preview":"max-video-preview:-1"},"canonical":"https:\/\/new.rubycafemtl.com\/fr\/menu\/vegan-plates\/","og_locale":"fr_CA","og_type":"article","og_title":"Vegan Plates - Ruby Cafe MTL","og_description":"Vegan Plates THE VEGAN TARTINE $20 Country Bread, Humus With Garlic Confit And Lemon Zest, Cherry Tomato Salad, Lebanese Cucumbers, Radishes, Red Onion, Chickpeas, Golden Raisins, Roasted Slivered Almonds, Chives, Herb Oil, Salted Kale Chips","og_url":"https:\/\/new.rubycafemtl.com\/fr\/menu\/vegan-plates\/","og_site_name":"Ruby Cafe MTL","article_modified_time":"2025-12-24T16:07:53+00:00","og_image":[{"url":"https:\/\/new.rubycafemtl.com\/wp-content\/uploads\/2025\/12\/Vegan-Tartine.png"}],"twitter_card":"summary_large_image","twitter_misc":{"Estimation du temps de lecture":"1 minute"},"schema":{"@context":"https:\/\/schema.org","@graph":[{"@type":"WebPage","@id":"https:\/\/new.rubycafemtl.com\/menu\/vegan-plates\/","url":"https:\/\/new.rubycafemtl.com\/menu\/vegan-plates\/","name":"Vegan Plates - Ruby Cafe MTL","isPartOf":{"@id":"https:\/\/new.rubycafemtl.com\/#website"},"primaryImageOfPage":{"@id":"https:\/\/new.rubycafemtl.com\/menu\/vegan-plates\/#primaryimage"},"image":{"@id":"https:\/\/new.rubycafemtl.com\/menu\/vegan-plates\/#primaryimage"},"thumbnailUrl":"https:\/\/new.rubycafemtl.com\/wp-content\/uploads\/2025\/12\/Vegan-Tartine.png","datePublished":"2023-10-25T17:36:18+00:00","dateModified":"2025-12-24T16:07:53+00:00","breadcrumb":{"@id":"https:\/\/new.rubycafemtl.com\/menu\/vegan-plates\/#breadcrumb"},"inLanguage":"fr-CA","potentialAction":[{"@type":"ReadAction","target":["https:\/\/new.rubycafemtl.com\/menu\/vegan-plates\/"]}]},{"@type":"ImageObject","inLanguage":"fr-CA","@id":"https:\/\/new.rubycafemtl.com\/menu\/vegan-plates\/#primaryimage","url":"https:\/\/new.rubycafemtl.com\/wp-content\/uploads\/2025\/12\/Vegan-Tartine.png","contentUrl":"https:\/\/new.rubycafemtl.com\/wp-content\/uploads\/2025\/12\/Vegan-Tartine.png"},{"@type":"BreadcrumbList","@id":"https:\/\/new.rubycafemtl.com\/menu\/vegan-plates\/#breadcrumb","itemListElement":[{"@type":"ListItem","position":1,"name":"Home","item":"https:\/\/new.rubycafemtl.com\/"},{"@type":"ListItem","position":2,"name":"Human Menu","item":"https:\/\/new.rubycafemtl.com\/menu\/"},{"@type":"ListItem","position":3,"name":"Vegan Plates"}]},{"@type":"WebSite","@id":"https:\/\/new.rubycafemtl.com\/#website","url":"https:\/\/new.rubycafemtl.com\/","name":"Ruby Cafe MTL","description":"","publisher":{"@id":"https:\/\/new.rubycafemtl.com\/#organization"},"potentialAction":[{"@type":"SearchAction","target":{"@type":"EntryPoint","urlTemplate":"https:\/\/new.rubycafemtl.com\/?s={search_term_string}"},"query-input":"required name=search_term_string"}],"inLanguage":"fr-CA"},{"@type":"Organization","@id":"https:\/\/new.rubycafemtl.com\/#organization","name":"Ruby Cafe MTL","url":"https:\/\/new.rubycafemtl.com\/","logo":{"@type":"ImageObject","inLanguage":"fr-CA","@id":"https:\/\/new.rubycafemtl.com\/#\/schema\/logo\/image\/","url":"https:\/\/new.rubycafemtl.com\/wp-content\/uploads\/2022\/03\/Ruby-Cafe-Logo-2-\u00d7-2-in.png","contentUrl":"https:\/\/new.rubycafemtl.com\/wp-content\/uploads\/2022\/03\/Ruby-Cafe-Logo-2-\u00d7-2-in.png","width":600,"height":600,"caption":"Ruby Cafe MTL"},"image":{"@id":"https:\/\/new.rubycafemtl.com\/#\/schema\/logo\/image\/"}}]}},"_links":{"self":[{"href":"https:\/\/new.rubycafemtl.com\/fr\/wp-json\/wp\/v2\/pages\/988061"}],"collection":[{"href":"https:\/\/new.rubycafemtl.com\/fr\/wp-json\/wp\/v2\/pages"}],"about":[{"href":"https:\/\/new.rubycafemtl.com\/fr\/wp-json\/wp\/v2\/types\/page"}],"author":[{"embeddable":true,"href":"https:\/\/new.rubycafemtl.com\/fr\/wp-json\/wp\/v2\/users\/1"}],"replies":[{"embeddable":true,"href":"https:\/\/new.rubycafemtl.com\/fr\/wp-json\/wp\/v2\/comments?post=988061"}],"version-history":[{"count":13,"href":"https:\/\/new.rubycafemtl.com\/fr\/wp-json\/wp\/v2\/pages\/988061\/revisions"}],"predecessor-version":[{"id":988691,"href":"https:\/\/new.rubycafemtl.com\/fr\/wp-json\/wp\/v2\/pages\/988061\/revisions\/988691"}],"up":[{"embeddable":true,"href":"https:\/\/new.rubycafemtl.com\/fr\/wp-json\/wp\/v2\/pages\/987739"}],"wp:attachment":[{"href":"https:\/\/new.rubycafemtl.com\/fr\/wp-json\/wp\/v2\/media?parent=988061"}],"curies":[{"name":"wp","href":"https:\/\/api.w.org\/{rel}","templated":true}]}}