{"id":988016,"date":"2023-10-02T13:09:36","date_gmt":"2023-10-02T13:09:36","guid":{"rendered":"https:\/\/new.rubycafemtl.com\/?page_id=988016"},"modified":"2024-08-17T14:00:20","modified_gmt":"2024-08-17T14:00:20","slug":"elementor-988016","status":"publish","type":"page","link":"https:\/\/new.rubycafemtl.com\/fr\/menu\/elementor-988016\/","title":{"rendered":"Nos cocktails"},"content":{"rendered":"<div data-elementor-type=\"wp-page\" data-elementor-id=\"988016\" class=\"elementor elementor-988016\" data-elementor-post-type=\"page\">\n\t\t\t\t<div class=\"elementor-element elementor-element-7aa7884 e-flex e-con-boxed e-con e-parent\" data-id=\"7aa7884\" data-element_type=\"container\">\n\t\t\t\t\t<div class=\"e-con-inner\">\n\t\t\t\t<div class=\"elementor-element elementor-element-17a9626 elementor-widget elementor-widget-heading\" data-id=\"17a9626\" data-element_type=\"widget\" data-widget_type=\"heading.default\">\n\t\t\t\t<div class=\"elementor-widget-container\">\n\t\t\t<style>\/*! elementor - v3.23.0 - 15-07-2024 *\/\n.elementor-heading-title{padding:0;margin:0;line-height:1}.elementor-widget-heading .elementor-heading-title[class*=elementor-size-]>a{color:inherit;font-size:inherit;line-height:inherit}.elementor-widget-heading .elementor-heading-title.elementor-size-small{font-size:15px}.elementor-widget-heading .elementor-heading-title.elementor-size-medium{font-size:19px}.elementor-widget-heading .elementor-heading-title.elementor-size-large{font-size:29px}.elementor-widget-heading .elementor-heading-title.elementor-size-xl{font-size:39px}.elementor-widget-heading .elementor-heading-title.elementor-size-xxl{font-size:59px}<\/style><h2 class=\"elementor-heading-title elementor-size-default\">Nos cocktails<\/h2>\t\t<\/div>\n\t\t\t\t<\/div>\n\t\t\t\t\t<\/div>\n\t\t\t\t<\/div>\n\t\t\t\t<section class=\"elementor-section elementor-top-section elementor-element elementor-element-500c6443 elementor-section-boxed elementor-section-height-default elementor-section-height-default\" data-id=\"500c6443\" data-element_type=\"section\">\n\t\t\t\t\t\t<div class=\"elementor-container elementor-column-gap-no\">\n\t\t\t\t\t<div class=\"elementor-column elementor-col-66 elementor-top-column elementor-element elementor-element-33e4c15a\" data-id=\"33e4c15a\" data-element_type=\"column\">\n\t\t\t<div class=\"elementor-widget-wrap elementor-element-populated\">\n\t\t\t\t\t\t<div class=\"elementor-element elementor-element-5de8abcc elementor-arrows-position-inside elementor-pagination-position-outside elementor-widget elementor-widget-image-carousel\" data-id=\"5de8abcc\" data-element_type=\"widget\" data-settings=\"{&quot;slides_to_show&quot;:&quot;1&quot;,&quot;autoplay_speed&quot;:6000,&quot;speed&quot;:1500,&quot;navigation&quot;:&quot;both&quot;,&quot;autoplay&quot;:&quot;yes&quot;,&quot;pause_on_hover&quot;:&quot;yes&quot;,&quot;pause_on_interaction&quot;:&quot;yes&quot;,&quot;infinite&quot;:&quot;yes&quot;,&quot;effect&quot;:&quot;slide&quot;}\" data-widget_type=\"image-carousel.default\">\n\t\t\t\t<div class=\"elementor-widget-container\">\n\t\t\t<style>\/*! elementor - v3.23.0 - 15-07-2024 *\/\n.elementor-widget-image-carousel .swiper,.elementor-widget-image-carousel .swiper-container{position:static}.elementor-widget-image-carousel .swiper-container .swiper-slide figure,.elementor-widget-image-carousel .swiper .swiper-slide figure{line-height:inherit}.elementor-widget-image-carousel .swiper-slide{text-align:center}.elementor-image-carousel-wrapper:not(.swiper-container-initialized):not(.swiper-initialized) .swiper-slide{max-width:calc(100% \/ var(--e-image-carousel-slides-to-show, 3))}<\/style>\t\t<div class=\"elementor-image-carousel-wrapper swiper\" dir=\"ltr\">\n\t\t\t<div class=\"elementor-image-carousel swiper-wrapper swiper-image-stretch\" aria-live=\"off\">\n\t\t\t\t\t\t\t\t<div class=\"swiper-slide\" role=\"group\" aria-roledescription=\"slide\" aria-label=\"1 of 1\"><figure class=\"swiper-slide-inner\"><img class=\"swiper-slide-image\" src=\"https:\/\/new.rubycafemtl.com\/wp-content\/uploads\/elementor\/thumbs\/bday2-qoxyug98xq557a6lqx7277864lrqaf54i9gjje2qzq.png\" alt=\"bday2\" \/><\/figure><\/div>\t\t\t<\/div>\n\t\t\t\t\t<\/div>\n\t\t\t\t<\/div>\n\t\t\t\t<\/div>\n\t\t\t\t<div class=\"elementor-element elementor-element-7d0c5e77 elementor-absolute elementor-widget__width-auto elementor-view-default elementor-invisible elementor-widget elementor-widget-icon\" data-id=\"7d0c5e77\" data-element_type=\"widget\" data-settings=\"{&quot;_position&quot;:&quot;absolute&quot;,&quot;_animation&quot;:&quot;bounceIn&quot;,&quot;_animation_tablet&quot;:&quot;none&quot;}\" data-widget_type=\"icon.default\">\n\t\t\t\t<div class=\"elementor-widget-container\">\n\t\t\t\t\t<div class=\"elementor-icon-wrapper\">\n\t\t\t<div class=\"elementor-icon\">\n\t\t\t<i aria-hidden=\"true\" class=\"vamtamtheme- vamtam-theme-arrow4\"><\/i>\t\t\t<\/div>\n\t\t<\/div>\n\t\t\t\t<\/div>\n\t\t\t\t<\/div>\n\t\t\t\t\t<\/div>\n\t\t<\/div>\n\t\t\t\t<div class=\"elementor-column elementor-col-33 elementor-top-column elementor-element elementor-element-1416a291\" data-id=\"1416a291\" data-element_type=\"column\">\n\t\t\t<div class=\"elementor-widget-wrap elementor-element-populated\">\n\t\t\t\t\t\t<div class=\"vamtam-has-theme-widget-styles elementor-element elementor-element-69b25986 elementor-position-left elementor-mobile-position-left elementor-vertical-align-middle elementor-view-default elementor-widget elementor-widget-icon-box\" data-id=\"69b25986\" data-element_type=\"widget\" data-widget_type=\"icon-box.default\">\n\t\t\t\t<div class=\"elementor-widget-container\">\n\t\t\t<link rel=\"stylesheet\" href=\"https:\/\/new.rubycafemtl.com\/wp-content\/plugins\/elementor\/assets\/css\/widget-icon-box.min.css\">\t\t<div class=\"elementor-icon-box-wrapper\">\n\n\t\t\t\t\t\t<div class=\"elementor-icon-box-icon\">\n\t\t\t\t<span  class=\"elementor-icon elementor-animation-\">\n\t\t\t\t<i aria-hidden=\"true\" class=\"fas fa-paw\"><\/i>\t\t\t\t<\/span>\n\t\t\t<\/div>\n\t\t\t\n\t\t\t\t\t\t<div class=\"elementor-icon-box-content\">\n\n\t\t\t\t\t\t\t\t\t<h3 class=\"elementor-icon-box-title\">\n\t\t\t\t\t\t<span  >\n\t\t\t\t\t\t\tRUBYLICIOUS<span style=\"color:#FFC5D0\" ;=\"\"> $14<\/span>\t\t\t\t\t\t<\/span>\n\t\t\t\t\t<\/h3>\n\t\t\t\t\n\t\t\t\t\t\t\t\t\t<p class=\"elementor-icon-box-description\">\n\t\t\t\t\t\tMiel d'Amareto, vin rouge, \u00e9mulsifiant v\u00e9g\u00e9talien, jus de citron vert et sirop simple\t\t\t\t\t<\/p>\n\t\t\t\t\n\t\t\t<\/div>\n\t\t\t\n\t\t<\/div>\n\t\t\t\t<\/div>\n\t\t\t\t<\/div>\n\t\t\t\t<div class=\"vamtam-has-theme-widget-styles elementor-element elementor-element-2f291fd2 elementor-position-left elementor-mobile-position-left elementor-vertical-align-middle elementor-view-default elementor-widget elementor-widget-icon-box\" data-id=\"2f291fd2\" data-element_type=\"widget\" data-widget_type=\"icon-box.default\">\n\t\t\t\t<div class=\"elementor-widget-container\">\n\t\t\t\t\t<div class=\"elementor-icon-box-wrapper\">\n\n\t\t\t\t\t\t<div class=\"elementor-icon-box-icon\">\n\t\t\t\t<span  class=\"elementor-icon elementor-animation-\">\n\t\t\t\t<i aria-hidden=\"true\" class=\"fas fa-paw\"><\/i>\t\t\t\t<\/span>\n\t\t\t<\/div>\n\t\t\t\n\t\t\t\t\t\t<div class=\"elementor-icon-box-content\">\n\n\t\t\t\t\t\t\t\t\t<h3 class=\"elementor-icon-box-title\">\n\t\t\t\t\t\t<span  >\n\t\t\t\t\t\t\tPAWFECT PARADISE<span style=\"color:#FFC5D0\" ;=\"\"> $15<\/span>\t\t\t\t\t\t<\/span>\n\t\t\t\t\t<\/h3>\n\t\t\t\t\n\t\t\t\t\t\t\t\t\t<p class=\"elementor-icon-box-description\">\n\t\t\t\t\t\tHavana club Anejo, Malibu coco, Cointreau, fruits de la passion, jus d'ananas et d'orange, jus de citron vert et sirop d'orgeat.\t\t\t\t\t<\/p>\n\t\t\t\t\n\t\t\t<\/div>\n\t\t\t\n\t\t<\/div>\n\t\t\t\t<\/div>\n\t\t\t\t<\/div>\n\t\t\t\t<div class=\"vamtam-has-theme-widget-styles elementor-element elementor-element-4a8663ab elementor-position-left elementor-mobile-position-left elementor-vertical-align-middle elementor-view-default elementor-widget elementor-widget-icon-box\" data-id=\"4a8663ab\" data-element_type=\"widget\" data-widget_type=\"icon-box.default\">\n\t\t\t\t<div class=\"elementor-widget-container\">\n\t\t\t\t\t<div class=\"elementor-icon-box-wrapper\">\n\n\t\t\t\t\t\t<div class=\"elementor-icon-box-icon\">\n\t\t\t\t<span  class=\"elementor-icon elementor-animation-\">\n\t\t\t\t<i aria-hidden=\"true\" class=\"fas fa-paw\"><\/i>\t\t\t\t<\/span>\n\t\t\t<\/div>\n\t\t\t\n\t\t\t\t\t\t<div class=\"elementor-icon-box-content\">\n\n\t\t\t\t\t\t\t\t\t<h3 class=\"elementor-icon-box-title\">\n\t\t\t\t\t\t<span  >\n\t\t\t\t\t\t\tRUBY'S SPRITZ<span style=\"color:#FFC5D0\" ;=\"\"> $15<\/span>\t\t\t\t\t\t<\/span>\n\t\t\t\t\t<\/h3>\n\t\t\t\t\n\t\t\t\t\t\t\t\t\t<p class=\"elementor-icon-box-description\">\n\t\t\t\t\t\tAmermelade, vodka Absolut,<br> jus de citron, sirop de miel-hibiscus-lavande, prosecco, soda\t\t\t\t\t<\/p>\n\t\t\t\t\n\t\t\t<\/div>\n\t\t\t\n\t\t<\/div>\n\t\t\t\t<\/div>\n\t\t\t\t<\/div>\n\t\t\t\t<div class=\"vamtam-has-theme-widget-styles elementor-element elementor-element-d5d9edd elementor-position-left elementor-mobile-position-left elementor-vertical-align-middle elementor-view-default elementor-widget elementor-widget-icon-box\" data-id=\"d5d9edd\" data-element_type=\"widget\" data-widget_type=\"icon-box.default\">\n\t\t\t\t<div class=\"elementor-widget-container\">\n\t\t\t\t\t<div class=\"elementor-icon-box-wrapper\">\n\n\t\t\t\t\t\t<div class=\"elementor-icon-box-icon\">\n\t\t\t\t<span  class=\"elementor-icon elementor-animation-\">\n\t\t\t\t<i aria-hidden=\"true\" class=\"fas fa-paw\"><\/i>\t\t\t\t<\/span>\n\t\t\t<\/div>\n\t\t\t\n\t\t\t\t\t\t<div class=\"elementor-icon-box-content\">\n\n\t\t\t\t\t\t\t\t\t<h3 class=\"elementor-icon-box-title\">\n\t\t\t\t\t\t<span  >\n\t\t\t\t\t\t\tDOGGIE MARIE<span style=\"color:#FFC5D0\" ;=\"\"> $14<\/span>\t\t\t\t\t\t<\/span>\n\t\t\t\t\t<\/h3>\n\t\t\t\t\n\t\t\t\t\t\t\t\t\t<p class=\"elementor-icon-box-description\">\n\t\t\t\t\t\tBeefeater gin, olive juice, lime juice, worschestershire, tabasco, salt &amp; pepper, clamato, basil rim thai, himalayan salt, black sesame seeds.\t\t\t\t\t<\/p>\n\t\t\t\t\n\t\t\t<\/div>\n\t\t\t\n\t\t<\/div>\n\t\t\t\t<\/div>\n\t\t\t\t<\/div>\n\t\t\t\t<div class=\"vamtam-has-theme-widget-styles elementor-element elementor-element-8c9dff9 elementor-position-left elementor-mobile-position-left elementor-vertical-align-middle elementor-view-default elementor-widget elementor-widget-icon-box\" data-id=\"8c9dff9\" data-element_type=\"widget\" data-widget_type=\"icon-box.default\">\n\t\t\t\t<div class=\"elementor-widget-container\">\n\t\t\t\t\t<div class=\"elementor-icon-box-wrapper\">\n\n\t\t\t\t\t\t<div class=\"elementor-icon-box-icon\">\n\t\t\t\t<span  class=\"elementor-icon elementor-animation-\">\n\t\t\t\t<i aria-hidden=\"true\" class=\"fas fa-paw\"><\/i>\t\t\t\t<\/span>\n\t\t\t<\/div>\n\t\t\t\n\t\t\t\t\t\t<div class=\"elementor-icon-box-content\">\n\n\t\t\t\t\t\t\t\t\t<h3 class=\"elementor-icon-box-title\">\n\t\t\t\t\t\t<span  >\n\t\t\t\t\t\t\tPISCO SOUR POOCH <span style=\"color:#FFC5D0\" ;=\"\"> $14<\/span>\t\t\t\t\t\t<\/span>\n\t\t\t\t\t<\/h3>\n\t\t\t\t\n\t\t\t\t\t\t\t\t\t<p class=\"elementor-icon-box-description\">\n\t\t\t\t\t\tPisco p\u00e9ruvien, liqueur de rhubarbe, \u00e9mulsifiant v\u00e9g\u00e9talien, jus de citron vert, sirop de p\u00eache, de gingembre et de romarin.\t\t\t\t\t<\/p>\n\t\t\t\t\n\t\t\t<\/div>\n\t\t\t\n\t\t<\/div>\n\t\t\t\t<\/div>\n\t\t\t\t<\/div>\n\t\t\t\t<div class=\"vamtam-has-theme-widget-styles elementor-element elementor-element-c68849c elementor-position-left elementor-mobile-position-left elementor-vertical-align-middle elementor-view-default elementor-widget elementor-widget-icon-box\" data-id=\"c68849c\" data-element_type=\"widget\" data-widget_type=\"icon-box.default\">\n\t\t\t\t<div class=\"elementor-widget-container\">\n\t\t\t\t\t<div class=\"elementor-icon-box-wrapper\">\n\n\t\t\t\t\t\t<div class=\"elementor-icon-box-icon\">\n\t\t\t\t<span  class=\"elementor-icon elementor-animation-\">\n\t\t\t\t<i aria-hidden=\"true\" class=\"fas fa-paw\"><\/i>\t\t\t\t<\/span>\n\t\t\t<\/div>\n\t\t\t\n\t\t\t\t\t\t<div class=\"elementor-icon-box-content\">\n\n\t\t\t\t\t\t\t\t\t<h3 class=\"elementor-icon-box-title\">\n\t\t\t\t\t\t<span  >\n\t\t\t\t\t\t\tHAVANA WOOF<span style=\"color:#FFC5D0\" ;=\"\"> $15<\/span>\t\t\t\t\t\t<\/span>\n\t\t\t\t\t<\/h3>\n\t\t\t\t\n\t\t\t\t\t\t\t\t\t<p class=\"elementor-icon-box-description\">\n\t\t\t\t\t\tHavana Club 3 years, Spicy Chic Choc Rum, orange and guava juice, lime juice, simple syrup, mint leaves\t\t\t\t\t<\/p>\n\t\t\t\t\n\t\t\t<\/div>\n\t\t\t\n\t\t<\/div>\n\t\t\t\t<\/div>\n\t\t\t\t<\/div>\n\t\t\t\t<div class=\"vamtam-has-theme-widget-styles elementor-element elementor-element-97e4777 elementor-position-left elementor-mobile-position-left elementor-vertical-align-middle elementor-view-default elementor-widget elementor-widget-icon-box\" data-id=\"97e4777\" data-element_type=\"widget\" data-widget_type=\"icon-box.default\">\n\t\t\t\t<div class=\"elementor-widget-container\">\n\t\t\t\t\t<div class=\"elementor-icon-box-wrapper\">\n\n\t\t\t\t\t\t<div class=\"elementor-icon-box-icon\">\n\t\t\t\t<span  class=\"elementor-icon elementor-animation-\">\n\t\t\t\t<i aria-hidden=\"true\" class=\"fas fa-paw\"><\/i>\t\t\t\t<\/span>\n\t\t\t<\/div>\n\t\t\t\n\t\t\t\t\t\t<div class=\"elementor-icon-box-content\">\n\n\t\t\t\t\t\t\t\t\t<h3 class=\"elementor-icon-box-title\">\n\t\t\t\t\t\t<span  >\n\t\t\t\t\t\t\tBARKRIA RED OR WHITE (SANGRIA FOR TWO PEOPLE)<span style=\"color:#FFC5D0\" ;=\"\"> $28<\/span>\t\t\t\t\t\t<\/span>\n\t\t\t\t\t<\/h3>\n\t\t\t\t\n\t\t\t\t\t\t\t\t\t<p class=\"elementor-icon-box-description\">\n\t\t\t\t\t\tVin rouge ou blanc, rhum \u00e9pic\u00e9 Chic Choc, noix de coco Malibu, pur\u00e9e de framboise, sirop p\u00eache-poire-romarin, jus de citron vert, jus d'orange et d'ananas et ginger ale.\t\t\t\t\t<\/p>\n\t\t\t\t\n\t\t\t<\/div>\n\t\t\t\n\t\t<\/div>\n\t\t\t\t<\/div>\n\t\t\t\t<\/div>\n\t\t\t\t\t<\/div>\n\t\t<\/div>\n\t\t\t\t\t<\/div>\n\t\t<\/section>\n\t\t\t\t<\/div>","protected":false},"excerpt":{"rendered":"<p>Our Cocktails RUBYLICIOUS $14 Amareto honey , red wine, vegan emulsifier, lime juice &#038; simple syrup PAWFECT PARADISE $15 Havana club Anejo, Malibu coconut, Cointreau, passion fruit, pineapple and orange juice, lime juice &#038; orgeat syrup RUBY&#8217;S SPRITZ $15 Amermelade, Absolut vodka, lemon juice, honey-hibiscus-lavender syrup, prosecco, soda DOGGIE MARIE $14 Beefeater gin, olive juice,&#8230;<\/p>","protected":false},"author":1,"featured_media":0,"parent":987739,"menu_order":0,"comment_status":"closed","ping_status":"closed","template":"","meta":{"inline_featured_image":false},"yoast_head":"<!-- This site is optimized with the Yoast SEO plugin v23.0 - https:\/\/yoast.com\/wordpress\/plugins\/seo\/ -->\n<title>Our Cocktails - Ruby Cafe MTL<\/title>\n<meta name=\"robots\" content=\"index, follow, max-snippet:-1, max-image-preview:large, max-video-preview:-1\" \/>\n<link rel=\"canonical\" href=\"https:\/\/new.rubycafemtl.com\/fr\/menu\/elementor-988016\/\" \/>\n<meta property=\"og:locale\" content=\"fr_CA\" \/>\n<meta property=\"og:type\" content=\"article\" \/>\n<meta property=\"og:title\" content=\"Our Cocktails - Ruby Cafe MTL\" \/>\n<meta property=\"og:description\" content=\"Our Cocktails RUBYLICIOUS $14 Amareto honey , red wine, vegan emulsifier, lime juice &#038; simple syrup PAWFECT PARADISE $15 Havana club Anejo, Malibu coconut, Cointreau, passion fruit, pineapple and orange juice, lime juice &#038; orgeat syrup RUBY&#8217;S SPRITZ $15 Amermelade, Absolut vodka, lemon juice, honey-hibiscus-lavender syrup, prosecco, soda DOGGIE MARIE $14 Beefeater gin, olive juice,...\" \/>\n<meta property=\"og:url\" content=\"https:\/\/new.rubycafemtl.com\/fr\/menu\/elementor-988016\/\" \/>\n<meta property=\"og:site_name\" content=\"Ruby Cafe MTL\" \/>\n<meta property=\"article:modified_time\" content=\"2024-08-17T14:00:20+00:00\" \/>\n<meta property=\"og:image\" content=\"https:\/\/new.rubycafemtl.com\/wp-content\/uploads\/elementor\/thumbs\/bday2-qoxyug98xq557a6lqx7277864lrqaf54i9gjje2qzq.png\" \/>\n<meta name=\"twitter:card\" content=\"summary_large_image\" \/>\n<meta name=\"twitter:label1\" content=\"Estimation du temps de lecture\" \/>\n\t<meta name=\"twitter:data1\" content=\"1 minute\" \/>\n<script type=\"application\/ld+json\" class=\"yoast-schema-graph\">{\"@context\":\"https:\/\/schema.org\",\"@graph\":[{\"@type\":\"WebPage\",\"@id\":\"https:\/\/new.rubycafemtl.com\/menu\/elementor-988016\/\",\"url\":\"https:\/\/new.rubycafemtl.com\/menu\/elementor-988016\/\",\"name\":\"Our Cocktails - Ruby Cafe MTL\",\"isPartOf\":{\"@id\":\"https:\/\/new.rubycafemtl.com\/#website\"},\"primaryImageOfPage\":{\"@id\":\"https:\/\/new.rubycafemtl.com\/menu\/elementor-988016\/#primaryimage\"},\"image\":{\"@id\":\"https:\/\/new.rubycafemtl.com\/menu\/elementor-988016\/#primaryimage\"},\"thumbnailUrl\":\"https:\/\/new.rubycafemtl.com\/wp-content\/uploads\/elementor\/thumbs\/bday2-qoxyug98xq557a6lqx7277864lrqaf54i9gjje2qzq.png\",\"datePublished\":\"2023-10-02T13:09:36+00:00\",\"dateModified\":\"2024-08-17T14:00:20+00:00\",\"breadcrumb\":{\"@id\":\"https:\/\/new.rubycafemtl.com\/menu\/elementor-988016\/#breadcrumb\"},\"inLanguage\":\"fr-CA\",\"potentialAction\":[{\"@type\":\"ReadAction\",\"target\":[\"https:\/\/new.rubycafemtl.com\/menu\/elementor-988016\/\"]}]},{\"@type\":\"ImageObject\",\"inLanguage\":\"fr-CA\",\"@id\":\"https:\/\/new.rubycafemtl.com\/menu\/elementor-988016\/#primaryimage\",\"url\":\"https:\/\/new.rubycafemtl.com\/wp-content\/uploads\/elementor\/thumbs\/bday2-qoxyug98xq557a6lqx7277864lrqaf54i9gjje2qzq.png\",\"contentUrl\":\"https:\/\/new.rubycafemtl.com\/wp-content\/uploads\/elementor\/thumbs\/bday2-qoxyug98xq557a6lqx7277864lrqaf54i9gjje2qzq.png\"},{\"@type\":\"BreadcrumbList\",\"@id\":\"https:\/\/new.rubycafemtl.com\/menu\/elementor-988016\/#breadcrumb\",\"itemListElement\":[{\"@type\":\"ListItem\",\"position\":1,\"name\":\"Home\",\"item\":\"https:\/\/new.rubycafemtl.com\/\"},{\"@type\":\"ListItem\",\"position\":2,\"name\":\"Human Menu\",\"item\":\"https:\/\/new.rubycafemtl.com\/menu\/\"},{\"@type\":\"ListItem\",\"position\":3,\"name\":\"Our Cocktails\"}]},{\"@type\":\"WebSite\",\"@id\":\"https:\/\/new.rubycafemtl.com\/#website\",\"url\":\"https:\/\/new.rubycafemtl.com\/\",\"name\":\"Ruby Cafe MTL\",\"description\":\"\",\"publisher\":{\"@id\":\"https:\/\/new.rubycafemtl.com\/#organization\"},\"potentialAction\":[{\"@type\":\"SearchAction\",\"target\":{\"@type\":\"EntryPoint\",\"urlTemplate\":\"https:\/\/new.rubycafemtl.com\/?s={search_term_string}\"},\"query-input\":\"required name=search_term_string\"}],\"inLanguage\":\"fr-CA\"},{\"@type\":\"Organization\",\"@id\":\"https:\/\/new.rubycafemtl.com\/#organization\",\"name\":\"Ruby Cafe MTL\",\"url\":\"https:\/\/new.rubycafemtl.com\/\",\"logo\":{\"@type\":\"ImageObject\",\"inLanguage\":\"fr-CA\",\"@id\":\"https:\/\/new.rubycafemtl.com\/#\/schema\/logo\/image\/\",\"url\":\"https:\/\/new.rubycafemtl.com\/wp-content\/uploads\/2022\/03\/Ruby-Cafe-Logo-2-\u00d7-2-in.png\",\"contentUrl\":\"https:\/\/new.rubycafemtl.com\/wp-content\/uploads\/2022\/03\/Ruby-Cafe-Logo-2-\u00d7-2-in.png\",\"width\":600,\"height\":600,\"caption\":\"Ruby Cafe MTL\"},\"image\":{\"@id\":\"https:\/\/new.rubycafemtl.com\/#\/schema\/logo\/image\/\"}}]}<\/script>\n<!-- \/ Yoast SEO plugin. -->","yoast_head_json":{"title":"Our Cocktails - Ruby Cafe MTL","robots":{"index":"index","follow":"follow","max-snippet":"max-snippet:-1","max-image-preview":"max-image-preview:large","max-video-preview":"max-video-preview:-1"},"canonical":"https:\/\/new.rubycafemtl.com\/fr\/menu\/elementor-988016\/","og_locale":"fr_CA","og_type":"article","og_title":"Our Cocktails - Ruby Cafe MTL","og_description":"Our Cocktails RUBYLICIOUS $14 Amareto honey , red wine, vegan emulsifier, lime juice &#038; simple syrup PAWFECT PARADISE $15 Havana club Anejo, Malibu coconut, Cointreau, passion fruit, pineapple and orange juice, lime juice &#038; orgeat syrup RUBY&#8217;S SPRITZ $15 Amermelade, Absolut vodka, lemon juice, honey-hibiscus-lavender syrup, prosecco, soda DOGGIE MARIE $14 Beefeater gin, olive juice,...","og_url":"https:\/\/new.rubycafemtl.com\/fr\/menu\/elementor-988016\/","og_site_name":"Ruby Cafe MTL","article_modified_time":"2024-08-17T14:00:20+00:00","og_image":[{"url":"https:\/\/new.rubycafemtl.com\/wp-content\/uploads\/elementor\/thumbs\/bday2-qoxyug98xq557a6lqx7277864lrqaf54i9gjje2qzq.png"}],"twitter_card":"summary_large_image","twitter_misc":{"Estimation du temps de lecture":"1 minute"},"schema":{"@context":"https:\/\/schema.org","@graph":[{"@type":"WebPage","@id":"https:\/\/new.rubycafemtl.com\/menu\/elementor-988016\/","url":"https:\/\/new.rubycafemtl.com\/menu\/elementor-988016\/","name":"Our Cocktails - Ruby Cafe MTL","isPartOf":{"@id":"https:\/\/new.rubycafemtl.com\/#website"},"primaryImageOfPage":{"@id":"https:\/\/new.rubycafemtl.com\/menu\/elementor-988016\/#primaryimage"},"image":{"@id":"https:\/\/new.rubycafemtl.com\/menu\/elementor-988016\/#primaryimage"},"thumbnailUrl":"https:\/\/new.rubycafemtl.com\/wp-content\/uploads\/elementor\/thumbs\/bday2-qoxyug98xq557a6lqx7277864lrqaf54i9gjje2qzq.png","datePublished":"2023-10-02T13:09:36+00:00","dateModified":"2024-08-17T14:00:20+00:00","breadcrumb":{"@id":"https:\/\/new.rubycafemtl.com\/menu\/elementor-988016\/#breadcrumb"},"inLanguage":"fr-CA","potentialAction":[{"@type":"ReadAction","target":["https:\/\/new.rubycafemtl.com\/menu\/elementor-988016\/"]}]},{"@type":"ImageObject","inLanguage":"fr-CA","@id":"https:\/\/new.rubycafemtl.com\/menu\/elementor-988016\/#primaryimage","url":"https:\/\/new.rubycafemtl.com\/wp-content\/uploads\/elementor\/thumbs\/bday2-qoxyug98xq557a6lqx7277864lrqaf54i9gjje2qzq.png","contentUrl":"https:\/\/new.rubycafemtl.com\/wp-content\/uploads\/elementor\/thumbs\/bday2-qoxyug98xq557a6lqx7277864lrqaf54i9gjje2qzq.png"},{"@type":"BreadcrumbList","@id":"https:\/\/new.rubycafemtl.com\/menu\/elementor-988016\/#breadcrumb","itemListElement":[{"@type":"ListItem","position":1,"name":"Home","item":"https:\/\/new.rubycafemtl.com\/"},{"@type":"ListItem","position":2,"name":"Human Menu","item":"https:\/\/new.rubycafemtl.com\/menu\/"},{"@type":"ListItem","position":3,"name":"Our Cocktails"}]},{"@type":"WebSite","@id":"https:\/\/new.rubycafemtl.com\/#website","url":"https:\/\/new.rubycafemtl.com\/","name":"Ruby Cafe MTL","description":"","publisher":{"@id":"https:\/\/new.rubycafemtl.com\/#organization"},"potentialAction":[{"@type":"SearchAction","target":{"@type":"EntryPoint","urlTemplate":"https:\/\/new.rubycafemtl.com\/?s={search_term_string}"},"query-input":"required name=search_term_string"}],"inLanguage":"fr-CA"},{"@type":"Organization","@id":"https:\/\/new.rubycafemtl.com\/#organization","name":"Ruby Cafe MTL","url":"https:\/\/new.rubycafemtl.com\/","logo":{"@type":"ImageObject","inLanguage":"fr-CA","@id":"https:\/\/new.rubycafemtl.com\/#\/schema\/logo\/image\/","url":"https:\/\/new.rubycafemtl.com\/wp-content\/uploads\/2022\/03\/Ruby-Cafe-Logo-2-\u00d7-2-in.png","contentUrl":"https:\/\/new.rubycafemtl.com\/wp-content\/uploads\/2022\/03\/Ruby-Cafe-Logo-2-\u00d7-2-in.png","width":600,"height":600,"caption":"Ruby Cafe MTL"},"image":{"@id":"https:\/\/new.rubycafemtl.com\/#\/schema\/logo\/image\/"}}]}},"_links":{"self":[{"href":"https:\/\/new.rubycafemtl.com\/fr\/wp-json\/wp\/v2\/pages\/988016"}],"collection":[{"href":"https:\/\/new.rubycafemtl.com\/fr\/wp-json\/wp\/v2\/pages"}],"about":[{"href":"https:\/\/new.rubycafemtl.com\/fr\/wp-json\/wp\/v2\/types\/page"}],"author":[{"embeddable":true,"href":"https:\/\/new.rubycafemtl.com\/fr\/wp-json\/wp\/v2\/users\/1"}],"replies":[{"embeddable":true,"href":"https:\/\/new.rubycafemtl.com\/fr\/wp-json\/wp\/v2\/comments?post=988016"}],"version-history":[{"count":34,"href":"https:\/\/new.rubycafemtl.com\/fr\/wp-json\/wp\/v2\/pages\/988016\/revisions"}],"predecessor-version":[{"id":988628,"href":"https:\/\/new.rubycafemtl.com\/fr\/wp-json\/wp\/v2\/pages\/988016\/revisions\/988628"}],"up":[{"embeddable":true,"href":"https:\/\/new.rubycafemtl.com\/fr\/wp-json\/wp\/v2\/pages\/987739"}],"wp:attachment":[{"href":"https:\/\/new.rubycafemtl.com\/fr\/wp-json\/wp\/v2\/media?parent=988016"}],"curies":[{"name":"wp","href":"https:\/\/api.w.org\/{rel}","templated":true}]}}